{"id":6616,"date":"2022-05-10T12:32:24","date_gmt":"2022-05-10T12:32:24","guid":{"rendered":"https:\/\/www.modl.de\/?page_id=6616"},"modified":"2022-05-10T12:32:27","modified_gmt":"2022-05-10T12:32:27","slug":"imprint","status":"publish","type":"page","link":"https:\/\/www.modl.de\/en\/imprint\/","title":{"rendered":"Imprint"},"content":{"rendered":"    <section class=\"section-top \" id=\"home-top-section-block_621e00d3759fd\">\n                <div class=\"section-top__layer\">\n            <img decoding=\"async\" data-src=\"https:\/\/www.modl.de\/wp-content\/uploads\/2022\/01\/bg-hand1.png\" data-retina=\"https:\/\/www.modl.de\/wp-content\/uploads\/2022\/01\/bg-hand1.png\" data-webp=\"https:\/\/www.modl.de\/wp-content\/uploads\/2022\/01\/bg-hand1.webp\" data-webp-retina=\"https:\/\/www.modl.de\/wp-content\/uploads\/2022\/01\/bg-hand1.webp\" alt=\"\" class=\"lazyWebp\" src=\"data:image\/gif;base64,R0lGODlhAQABAAAAACH5BAEKAAEALAAAAAABAAEAAAICTAEAOw==\">\n        <\/div>\n                <div class=\"section-top__content\">\n            <div class=\"container\">\n                <div class=\"text-right hero\">\n                                            <h1 class=\"h1\">Imprint<\/h1>\n                                                                <div class=\"subtitle-section\">Law and order is a must.<\/div>\n                                    <\/div>\n            <\/div>\n        <\/div>\n                    <div class=\"slider-top js-slider-top\">\n                <div class=\"swiper-container\">\n                    <div class=\"swiper-wrapper\">\n                                                                                <div class=\"swiper-slide\">\n                                <div class=\"image\">\n                                    <div class=\"swiper-lazy-preloader\"><\/div>\n                                    <img decoding=\"async\" data-src=\"https:\/\/www.modl.de\/wp-content\/uploads\/2022\/03\/iStock-512290338_bearbeitet.jpg\" data-retina=\"https:\/\/www.modl.de\/wp-content\/uploads\/2022\/03\/iStock-512290338_bearbeitet.jpg\" data-webp=\"https:\/\/www.modl.de\/wp-content\/uploads\/2022\/03\/iStock-512290338_bearbeitet.jpg.webp\" data-webp-retina=\"https:\/\/www.modl.de\/wp-content\/uploads\/2022\/03\/iStock-512290338_bearbeitet.jpg.webp\" alt=\"\" class=\"swiper-lazy webp\" src=\"data:image\/gif;base64,R0lGODlhAQABAAAAACH5BAEKAAEALAAAAAABAAEAAAICTAEAOw==\">\n                                <\/div>\n                            <\/div>\n                                                                        \n                    <\/div>\n                <\/div>\n                <div class=\"slider-navigation\">\n                    <div class=\"container\">\n                        <div class=\"swiper-pagination js-pagination\"><\/div>\n                    <\/div>\n                <\/div>\n            <\/div>\n            <\/section>\n\n\n\n    <section class=\"section section--text \" id=\"read-more-2-block_621e1aeda1a9f\">\n        <div class=\"container\">\n            <div class=\"content-section\">\n                <div class=\"row gx-lg-40\">\n                    <div class=\"col col-lg-6\">\n                                                    <div class=\"subtitle-section\">Law and order is a must<\/div>\n                                                                            <h2 class=\"h3 title-section\">\n                                Our<br \/>\n<span style=\"color: #00aa8f;\">Imprint<\/span><br \/>\nfor you.\n                            <\/h2>\n                                            <\/div>\n                <\/div>\n                <div class=\"js-expand-block\">\n                                            <div class=\"text-section text-section--column2\">\n                            <p><span style=\"color: #00aa8f;\"><strong>MODL GmbH<\/strong><\/span><\/p>\n<p>&nbsp;<\/p>\n<p>Langenaltheimer Stra\u00dfe 5-9<br \/>\nDE &#8211; 91788 Pappenheim<\/p>\n<p>&nbsp;<\/p>\n<p>Tel. 0049 (0)9143 603-0<br \/>\nFax 0049 (0)9143 603-12<br \/>\nE-Mail: <a href=\"mailto:info@modl.de\"><span style=\"color: #00aa8f;\">info@modl.de<\/span><\/a><\/p>\n<p>&nbsp;<\/p>\n<p>CEO: Nicole Modl<br \/>\nHandelsregister Amtsgericht Ansbach<br \/>\nHRB 267<\/p>\n<p>&nbsp;<\/p>\n<p>UST-ID Nr. DE 132 80 50 76<\/p>\n<p>&nbsp;<\/p>\n<p><span style=\"color: #00aa8f;\"><strong>DISCLAIMER OF LIABILITY:<\/strong><\/span><\/p>\n<p><span style=\"color: #00aa8f;\"><strong>1. CONTENT OF THE ONLINE OFFER <\/strong><\/span><\/p>\n<p>The author reserves the right not to be responsible for the topicality, correctness, completeness or quality of the information provided. Liability claims against the author, which refer to material or immaterial nature caused by use or disuse of the information or the use of incorrect or incomplete information are excluded, unless the author is not intentional or grossly negligent fault. All offers are subject to change and non-binding. The author expressly reserves the right to change, supplement or delete parts of the pages or the entire offer without prior notice or to discontinue the publication temporarily or permanently.<\/p>\n<p>&nbsp;<\/p>\n<p><span style=\"color: #00aa8f;\"><strong>2. REFERENCES AND LINKS<\/strong><\/span><\/p>\n<p>&nbsp;<\/p>\n<p>The author is not responsible for any contents linked or referred to from his pages &#8211; unless he has full knowledge of illegal contents and would be able to prevent the visitors of his site fromviewing those pages. The author hereby expressly declares that at the time the links were created, no illegal content was identifiable on the linked pages. The author has no influence on the current and future design, content or authorship of the linked pages. Therefore, he hereby expressly dissociates himself from all contents of all linked pages that were changed after the link was set. This statement applies to all links and references set within the author&#8217;s own Internet offer as well as to external entries in guest books, discussion forums and mailing lists set up by the author. For illegal, incorrect or incomplete contents and especially for damages resulting from the use or non-use of such information, only the provider of the linked page is liable, not the one who has linked to the respective publication.<\/p>\n<p>&nbsp;<\/p>\n<p><span style=\"color: #00aa8f;\"><strong>3. COPYRIGHT AND TRADEMARK LAW<\/strong><\/span><\/p>\n<p>&nbsp;<\/p>\n<p>The author endeavors to observe the copyrights of the graphics, sound documents, video sequences and texts used in all publications, to use graphics, sound documents, video sequences and texts created by himself or to use license-free graphics, sound documents, video sequences and texts. All brand names and trademarks mentioned on the website and possibly protected by third parties are subject without restriction to the provisions of the applicable trademark law and the ownership rights of the respective registered owners. The mere mention of a trademark does not imply that it is not protected by the rights of third parties! The copyright for published objects created by the author himself remains solely with the author of the pages. Any duplication or use of objects such as diagrams, sounds or texts in other electronic or printed publications is not permitted without the author&#8217;s agreement.<\/p>\n<p>&nbsp;<\/p>\n<p><span style=\"color: #00aa8f;\"><strong>4. LEGAL EFFECT OF THIS DISCLAIMER OF LIABILITY<\/strong><\/span><\/p>\n<p>&nbsp;<\/p>\n<p>This disclaimer is to be regarded as part of the internet publication which you were referred from. If sections or individual terms of this statement are not legal or correct, the content or validity of the other parts remain uninfluenced by this fact.<\/p>\n<p>&nbsp;<\/p>\n<p><span style=\"color: #00aa8f;\"><strong>IMAGE SOURCES<\/strong><\/span><\/p>\n<p>&nbsp;<\/p>\n<p>E-mobility: \u201eStromversorgung an Elektro-Fahrzeug gegen Geb\u00fchr an die Batterie anschlie\u00dfen. Laden Technologie Industrie Transport die futuristische des Automobils sind. EV Kraftstoff Plug in Hybrid-Auto.\u201c 954558336 \u00a9 Plarguedoctor\/istockphoto.com<\/p>\n<p>E-mobility: \u201eElectric car\u201c 1018354368 \u00a9 Ziga Plahutar\/istockphoto.com<\/p>\n<p>E-mobility: \u201eJunge Frau l\u00e4dt ein Elektrofahrzeug\u201c 1138377924 \u00a9 ViktorCap\/istockphoto.com<\/p>\n<p>E-mobility: \u201eElektroautos, die an einer Ladestation aufladen. 3D-Rendering\u201c 1323244949 \u00a9 \u0414\u043c\u0438\u0442\u0440\u0438\u0439 \u041b\u0430\u0440\u0438\u0447\u0435\u0432\/istockphoto.com<\/p>\n<p>E-Mobility: \u201ezeitrafferfotografie-von-strassen-409701\u201c 409701 \u00a9 karoldach\/pexels.com<\/p>\n<p>Engineering: \u201eIn der Dark Industrial Design Engineering Facility: M\u00e4nnlicher Ingenieur arbeitet mit Blaupausen, die auf einem Tisch liegen, verwendet Bleistift, Lineal und Digital Tablet. Auf Desktop-Mehrfachzeichnungen. Fokus auf H\u00e4nde\u201c 1176843718 \u00a9 gorodenkoff\/istockphoto.com<\/p>\n<p>Engineering: \u201eHintergrund moderner Technologie\u201c 1203861868 \u00a9 Ivan Bajic\/istockphoto.com<\/p>\n<p>Karriere Jobs: \u201eNahaufnahme der Poto Jungen Kollegen Besatzung Training mit neuen startup-Projekt\u201c 517496962 \u00a9 Pinkypills\/istockphoto.com<\/p>\n<p>Karriere Bewerbungstipps: \u201eNahaufnahme von Frau Antragsformular ausf\u00fcllen\u201c 943069786 \u00a9 MangoStar_Studio\/istockphoto.com<\/p>\n<p>Karriere bei Modl: \u201eBrainstorming over paper\u201c 5fNmWej4tAA \u00a9 homajob\/unsplash.com<\/p>\n<p>Karriere bei Modl: \u201eIngenieur f\u00fcr architektonische Projekt Begegnung und Zusammenarbeit mit Partner engineering auf Arbeitsplatz\u201c 1129749081 \u00a9 SARINYAPINNGAM\/istockphoto.com<\/p>\n<p>Karriere bei Modl: \u201eTeam von Agenten Handel Gesch\u00e4ftsleute zeigen Diagramm und Analyse Aktienmarkt auf Computer-Bildschirm im B\u00fcro.\u201c 1185167731 \u00a9 wutwhanfoto\/istockphoto.com<\/p>\n<p>Mechatronik: \u201eRoboter-Bewegung in einer Autofabrik Schwei\u00dfen\u201c 1054184002 \u00a9 PJ66431470\/istockphoto.com<\/p>\n<p>Mechatronik: \u201eRoboterarm- und Kommunikationsnetzwerkkonzept. Industrietechnik. INDUSTRIE4.0\u201c 1201354506 \u00a9 metamorworks\/istockphoto.com<\/p>\n<p>Wir bewegen die Zukunft: \u201eFahren in street\u201c 155373140 \u00a9 alubalish\/istockphoto.com<\/p>\n<p>Wir bewegen die Zukunft: \u201eZusammenfassung Hintergrund mit Lichtspuren\u201c 1012051904 \u00a9 00one\/istockphoto.com<\/p>\n<p>Wir bewegen die Zukunft: \u201eLadevon Elektroautos\u201c 1231510646 \u00a9 3alexd\/istockphoto.com<\/p>\n<p>Wir bewegen die Zukunft: \u201eKonzept eines Heim-Energiespeichers auf Basis eines Lithium-Ionen-Akkupacks in einer modernen Garage mit Blick auf eine weite Landschaft mit Solarkraftwerk und Windkraftanlagen. 3D-Rendering.\u201c 1270012506 \u00a9 Petmal\/istockphoto.com<\/p>\n<p>Wir bewegen die Zukunft: \u201eElectric car\u201c 1018354368 \u00a9 Ziga Plahutar\/istockphoto.com<\/p>\n<p>Wir bewegen die Zukunft: \u201eElektroautos, die an einer Ladestation aufladen. 3D-Rendering\u201c 1323244949 \u00a9 \u0414\u043c\u0438\u0442\u0440\u0438\u0439 \u041b\u0430\u0440\u0438\u0447\u0435\u0432\/istockphoto.com<\/p>\n<p>Wir bewegen die Zukunft: \u201eJunge Frau l\u00e4dt ein Elektrofahrzeug\u201c 1138377924 \u00a9 ViktorCap\/istockphoto.com<\/p>\n<p>Wir bewegen die Zukunft: \u201ekompressor-station\u201c 136162185 \u00a9 PFkatka\/istockphoto.com<\/p>\n<p>Wir bewegen die Zukunft: \u201eLuftw\u00e4rme Pumpe neben dem Haus\u201c 1328873462 \u00a9 KangeStudio\/istockphoto.com<\/p>\n<p>Wir bewegen die Zukunft: \u201eModerne Containerbatterie gr\u00fcne Energiespeicher mit Sonnenkollektoren und Windkraftanlage in der Natur 3D Rendering.\u201c 1302632855 \u00a9 Petmal\/istockphoto.com<\/p>\n<p>Wir bewegen die Zukunft: \u201eMilit\u00e4rischer \u00dcberwachungsoffizier, der an einer Stadtverfolgungsoperation in einem zentralen B\u00fcrozentrum f\u00fcr Cyber-Kontrolle und -\u00dcberwachung f\u00fcr die Verwaltung der nationalen Sicherheit, Technologie und Armeekommunikation arbeitet.\u201c 1355657756 \u00a9 gorodenkoff\/istockphoto.com<\/p>\n<p>Modl im Profil: \u201eDie Stra\u00dfe\u201c 512290338 \u00a9 Rulles\/istockphoto.com<\/p>\n<p>Modl im Profil: \u201eKabel-Produktionsst\u00e4tte\u201c 1012605044 \u00a9 aydinmutlu\/istockphoto.com<\/p>\n<p>Referenzen: \u201eLaDefense Sonnenuntergang in Paris, Frankreich\u201c 478428084 \u00a9 IakovKalinin\/istockphoto.com<\/p>\n<p>Referenzen: \u201epuerto-grullas-al-aire-libre-astillero-4297388\u201c 4297388 \u00a9 JMC\/pexels.com<\/p>\n<p>Referenzen: \u201eLadevon Elektroautos\u201c 1231510646 \u00a9 3alexd\/istockphoto.com<\/p>\n<p>Referenzen: \u201eMilit\u00e4rischer \u00dcberwachungsoffizier, der an einer Stadtverfolgungsoperation in einem zentralen B\u00fcrozentrum f\u00fcr Cyber-Kontrolle und -\u00dcberwachung f\u00fcr die Verwaltung der nationalen Sicherheit, Technologie und Armeekommunikation arbeitet.\u201c 1355657756 \u00a9 gorodenkoff\/istockphoto.com<\/p>\n<p>Simulation: \u201eDigitalen Code Nummer abstrakte Technik-Hintergrund\u201c 853692316 \u00a9 monsitj\/istockphoto.com<\/p>\n<p>Simulation: \u201eNahaufnahme von konzentrierten Gesch\u00e4ftsmann arbeiten auf einem PC sp\u00e4t im B\u00fcro.\u201c 1186870335 \u00a9 skynesher\/istockphoto.com<\/p>\n<p>Fertigungstechnologien: \u201eSeilz\u00fcge\u201c 180808190 \u00a9 BigWest1\/istockphoto.com<\/p>\n<p>Fertigungstechnologien: \u201eHorizontale gpu quad sli Grafikkarte bokeh Hintergrund\u201c 638800400 \u00a9 spacedrone808\/istockphoto.com<\/p>\n<p>Fertigungstechnologien: \u201eBlaue Leiterplatte Vektor. Hintergrund der abstrakten Technologie \u2013 Vektor Illustration\u201c 1159426780 \u00a9 natrot\/istockphoto.com<\/p>\n<p>Fertigungstechnologien: \u201eKabel-Produktionsst\u00e4tte\u201c 1012605044 \u00a9 aydinmutlu\/istockphoto.com<\/p>\n<p>Warum Modl: \u201eZeichnung Ingenieur-Ausbildung-design\u201c 1052995608 \u00a9 Ivan-balvan\/istockphoto.com<\/p>\n<p>Warum Modl: \u201eIngenieur arbeitet sp\u00e4t\u201c 1180404707 \u00a9 Warchi\/istockphoto.com<\/p>\n<p>Power Quality: \u201epuerto-grullas-al-aire-libre-astillero-4297388\u201c 4297388 \u00a9 JMC\/pexels.com<\/p>\n<p>Power Quality: \u201eflacher-fokus-fotografie-des-schwarzen-schiffes-1095814\u201c 1095814 \u00a9 Sascha Hormel<br \/>\n\/pexels.com<\/p>\n<p>Power Quality: \u201ehochhauser-wahrend-der-nacht-1366957\u201c 1366957 \u00a9 iriser\/pexels.com<\/p>\n<p>Startseite: \u201ezeitrafferfotografie-von-strassen-409701\u201c 409701 \u00a9 karoldach\/pexels.com<\/p>\n<p>Startseite: \u201efoto-der-skyline-bei-nacht-3075993\u201c 3075993 \u00a9 sanaan\/pexels.com<\/p>\n<p>Startseite: \u201eLadevon Elektroautos\u201c 1231510646 \u00a9 3alexd\/istockphoto.com<\/p>\n<p>Startseite: \u201efoto-von-gebauden-wahrend-der-nacht-2603464\u201c 2603464 \u00a9 apasaric\/pexels.com<\/p>\n<p>Startseite: \u201eKonzept eines Heim-Energiespeichers auf Basis eines Lithium-Ionen-Akkupacks in einer modernen Garage mit Blick auf eine weite Landschaft mit Solarkraftwerk und Windkraftanlagen. 3D-Rendering.\u201c 1270012506 \u00a9 Petmal\/istockphoto.com<\/p>\n<p>Startseite: \u201eHorizontale gpu quad sli Grafikkarte bokeh Hintergrund\u201c 638800400 \u00a9 spacedrone808\/istockphoto.com<\/p>\n<p>Startseite: \u201elight-bulb_900553?related_id=900553\u201c 900553 \u00a9 srip\/flaticon.com<\/p>\n<p>Startseite: \u201eelectric-car_3119559\u201c 3119559 \u00a9 hajicon\/flaticon.com<\/p>\n<p>Startseite: \u201etechnology_4257483\u201c 4257483 \u00a9 smashicons\/flaticon.com<\/p>\n<p>E-Mobility: \u201epencil_1077687\u201c 1077687 \u00a9 freepik\/flaticon.com<\/p>\n<p>E-Mobility: \u201eelectricity_2364094\u201c 2364094 \u00a9 freepik\/flaticon.com<\/p>\n<p>E-Mobility: \u201econtract_684831\u201c 684831 \u00a9 freepik\/flaticon.com<\/p>\n<p>Simulation: \u201eback-in-time_1584808\u201c 1584808 \u00a9 freepik\/flaticon.com<\/p>\n<p>Simulation: \u201e3d-modeling_3112363\u201c 3112363 \u00a9 freepik\/flaticon.com<\/p>\n<p>Simulation: \u201efull-size_93640\u201c 93640 \u00a9 freepik\/flaticon.com<\/p>\n<p>Simulation: \u201elow-price_2229617\u201c 2229617 \u00a9 freepik\/flaticon.com<\/p>\n<p>Simulation: \u201estart-up_1184787\u201c 1184787 \u00a9 freepik\/flaticon.com<\/p>\n<p>Simulation: \u201efinance-and-business_2043068\u201c 2043068 \u00a9 sbts2018\/flaticon.com<\/p>\n<p>Mechatronik: \u201epencil_1077687\u201c 1077687 \u00a9 freepik\/flaticon.com<\/p>\n<p>Mechatronik: \u201etechnology_4257483\u201c 4257483 \u00a9 smashicons\/flaticon.com<\/p>\n<p>Mechatronik: \u201esettings_563608\u201c 563608 \u00a9 gregor-cresnar-premium\/flaticon.com<\/p>\n<p>Modl im Profil: \u201eteam_4185325\u201c 4185325 \u00a9 freepik\/flaticon.com<\/p>\n<p>Modl im Profil: \u201elocation_3037818\u201c 3037818 \u00a9 freepik\/flaticon.com<\/p>\n<p>Modl im Profil: \u201eglobe_546310\u201c 546310 \u00a9 freepik\/flaticon.com<\/p>\n<p>Power Quality: \u201eanalytics_921540\u201c 921540 \u00a9 freepik\/flaticon.com<\/p>\n<p>Power Quality: \u201eelectricity_2364094\u201c 2364094 \u00a9 freepik\/flaticon.com<\/p>\n<p>Power Quality: \u201esettings_563608\u201c 563608 \u00a9 gregor-cresnar-premium\/flaticon.com<\/p>\n<p>Produktion: \u201ehandshake_1786971\u201c 1786971 \u00a9 freepik\/flaticon.com<\/p>\n<p>Produktion: \u201estart-up_1184787\u201c 1184787 \u00a9 freepik\/flaticon.com<\/p>\n<p>Produktion: \u201etarget_1078350\u201c 1078350 \u00a9 freepik\/flaticon.com<\/p>\n<p>Remaining photos &amp; start page video: Modl \u00a9 Thomas Kastenhuber\/Kastenhuber Advertising Agency<\/p>\n<p>&nbsp;<\/p>\n<p><span style=\"color: #00aa8f;\"><strong>CONCEPT, TEXT, DESIGN &amp; PROGRAMMING<br \/>\n<\/strong><\/span><\/p>\n<p>&nbsp;<\/p>\n<p>ATTACKE Werbeagentur GmbH<br \/>\nMarktplatz 8<br \/>\n89073 Ulm<br \/>\n<a href=\"https:\/\/attacke-ulm.de\" target=\"_blank\" rel=\"noopener\">www.attacke-ulm.de<\/a><\/p>\n                        <\/div>\n                                                                            <\/div>\n            <\/div>\n        <\/div>\n    <\/section>\n\n\n    <div class=\"section section--contact \" id=\"contacts-block_621e1b8ca1aa7\">\n        <div class=\"container\">\n            <div class=\"content-section\">\n                <div class=\"row gx-10\">\n                    <div class=\"col col-lg-7\">\n                                                                                    <div class=\"subtitle-section\">How to find us&#8230;<\/div>\n                                                        <div class=\"map\" id=\"map1\">\n\t\t\t\t\t\t<iframe src=\"https:\/\/www.google.com\/maps\/embed?pb=!1m14!1m8!1m3!1d1310.7426172307337!2d10.962928!3d48.925199!3m2!1i1024!2i768!4f13.1!3m3!1m2!1s0x0%3A0x64ab35aa51fe5edb!2sModl%20GmbH!5e0!3m2!1sde!2sus!4v1646145521025!5m2!1sde!2sus\" width=\"100%\" height=\"100%\" style=\"border:0;\" allowfullscreen=\"\" loading=\"lazy\"><\/iframe>\n\t\t\t\t\t\t<\/div>\n                                            <\/div>\n                <\/div>\n            <\/div>\n        <\/div>\n        <div class=\"bg-main contacts-block\">\n            <div class=\"container\">\n                <div class=\"content-section\">\n                    <div class=\"row gx-10\">\n                        <div class=\"col col-lg-4 offset-lg-8\">\n                                                                                    <h3 class=\"h6 fz28 title-section\">Contact<\/h3>\n                                                                                            <div class=\"text-section text-section--white\">\n                                <p>Modl GmbH<\/p>\n<p>Langenaltheimer Str. 5-9,<\/p>\n<p>91788 Pappenheim<\/p>\n                            <\/div>\n                                                                                        <div class=\"text-section text-section--white\">\n                                                                <p>\n                                    Tel.:\n                                    <a href=\"tel:091436030\" class=\"phone-link\">09143 6030<\/a>\n                                <\/p>\n                                                                                                <p>\n                                    <a href=\"mailto:info@modl.de\">info@modl.de<\/a>\n                                <\/p>\n                                                                                                <p>\n                                    <a href=\"https:\/\/www.modl.de\" target=\"_blank\">\n                                        www.modl.de                                    <\/a>\n                                <\/p>\n                                                            <\/div>\n                        <\/div>\n                    <\/div>\n                <\/div>\n            <\/div>\n        <\/div>\n    <\/div>\n        <script src=\"https:\/\/maps.googleapis.com\/maps\/api\/js?key=AIzaSyAdFduRimdWlYE98NwdZYNcZcclaxvz0L8&#038;callback=initMap\" defer><\/script>\n    \n                \n","protected":false},"excerpt":{"rendered":"","protected":false},"author":3,"featured_media":0,"parent":0,"menu_order":0,"comment_status":"closed","ping_status":"closed","template":"","meta":{"_acf_changed":false,"inline_featured_image":false,"footnotes":""},"class_list":["post-6616","page","type-page","status-publish","hentry"],"acf":[],"yoast_head":"<!-- This site is optimized with the Yoast SEO plugin v23.6 - https:\/\/yoast.com\/wordpress\/plugins\/seo\/ -->\n<title>Imprint | MODL GmbH<\/title>\n<meta name=\"robots\" content=\"index, follow, max-snippet:-1, max-image-preview:large, max-video-preview:-1\" \/>\n<link rel=\"canonical\" href=\"https:\/\/www.modl.de\/en\/imprint\/\" \/>\n<meta property=\"og:locale\" content=\"en_US\" \/>\n<meta property=\"og:type\" content=\"article\" \/>\n<meta property=\"og:title\" content=\"Imprint | MODL GmbH\" \/>\n<meta property=\"og:url\" content=\"https:\/\/www.modl.de\/en\/imprint\/\" \/>\n<meta property=\"og:site_name\" content=\"MODL GmbH\" \/>\n<meta property=\"article:modified_time\" content=\"2022-05-10T12:32:27+00:00\" \/>\n<meta name=\"twitter:card\" content=\"summary_large_image\" \/>\n<script type=\"application\/ld+json\" class=\"yoast-schema-graph\">{\"@context\":\"https:\/\/schema.org\",\"@graph\":[{\"@type\":\"WebPage\",\"@id\":\"https:\/\/www.modl.de\/en\/imprint\/\",\"url\":\"https:\/\/www.modl.de\/en\/imprint\/\",\"name\":\"Imprint | MODL GmbH\",\"isPartOf\":{\"@id\":\"https:\/\/www.modl.de\/#website\"},\"datePublished\":\"2022-05-10T12:32:24+00:00\",\"dateModified\":\"2022-05-10T12:32:27+00:00\",\"inLanguage\":\"en-US\",\"potentialAction\":[{\"@type\":\"ReadAction\",\"target\":[\"https:\/\/www.modl.de\/en\/imprint\/\"]}]},{\"@type\":\"WebSite\",\"@id\":\"https:\/\/www.modl.de\/#website\",\"url\":\"https:\/\/www.modl.de\/\",\"name\":\"MODL GmbH\",\"description\":\"Energie in Bestform\",\"publisher\":{\"@id\":\"https:\/\/www.modl.de\/#organization\"},\"potentialAction\":[{\"@type\":\"SearchAction\",\"target\":{\"@type\":\"EntryPoint\",\"urlTemplate\":\"https:\/\/www.modl.de\/?s={search_term_string}\"},\"query-input\":{\"@type\":\"PropertyValueSpecification\",\"valueRequired\":true,\"valueName\":\"search_term_string\"}}],\"inLanguage\":\"en-US\"},{\"@type\":\"Organization\",\"@id\":\"https:\/\/www.modl.de\/#organization\",\"name\":\"MODL GmbH\",\"url\":\"https:\/\/www.modl.de\/\",\"logo\":{\"@type\":\"ImageObject\",\"inLanguage\":\"en-US\",\"@id\":\"https:\/\/www.modl.de\/#\/schema\/logo\/image\/\",\"url\":\"https:\/\/www.modl.de\/wp-content\/uploads\/2022\/01\/logo.svg\",\"contentUrl\":\"https:\/\/www.modl.de\/wp-content\/uploads\/2022\/01\/logo.svg\",\"width\":1,\"height\":1,\"caption\":\"MODL GmbH\"},\"image\":{\"@id\":\"https:\/\/www.modl.de\/#\/schema\/logo\/image\/\"}}]}<\/script>\n<!-- \/ Yoast SEO plugin. -->","yoast_head_json":{"title":"Imprint | MODL GmbH","robots":{"index":"index","follow":"follow","max-snippet":"max-snippet:-1","max-image-preview":"max-image-preview:large","max-video-preview":"max-video-preview:-1"},"canonical":"https:\/\/www.modl.de\/en\/imprint\/","og_locale":"en_US","og_type":"article","og_title":"Imprint | MODL GmbH","og_url":"https:\/\/www.modl.de\/en\/imprint\/","og_site_name":"MODL GmbH","article_modified_time":"2022-05-10T12:32:27+00:00","twitter_card":"summary_large_image","schema":{"@context":"https:\/\/schema.org","@graph":[{"@type":"WebPage","@id":"https:\/\/www.modl.de\/en\/imprint\/","url":"https:\/\/www.modl.de\/en\/imprint\/","name":"Imprint | MODL GmbH","isPartOf":{"@id":"https:\/\/www.modl.de\/#website"},"datePublished":"2022-05-10T12:32:24+00:00","dateModified":"2022-05-10T12:32:27+00:00","inLanguage":"en-US","potentialAction":[{"@type":"ReadAction","target":["https:\/\/www.modl.de\/en\/imprint\/"]}]},{"@type":"WebSite","@id":"https:\/\/www.modl.de\/#website","url":"https:\/\/www.modl.de\/","name":"MODL GmbH","description":"Energie in Bestform","publisher":{"@id":"https:\/\/www.modl.de\/#organization"},"potentialAction":[{"@type":"SearchAction","target":{"@type":"EntryPoint","urlTemplate":"https:\/\/www.modl.de\/?s={search_term_string}"},"query-input":{"@type":"PropertyValueSpecification","valueRequired":true,"valueName":"search_term_string"}}],"inLanguage":"en-US"},{"@type":"Organization","@id":"https:\/\/www.modl.de\/#organization","name":"MODL GmbH","url":"https:\/\/www.modl.de\/","logo":{"@type":"ImageObject","inLanguage":"en-US","@id":"https:\/\/www.modl.de\/#\/schema\/logo\/image\/","url":"https:\/\/www.modl.de\/wp-content\/uploads\/2022\/01\/logo.svg","contentUrl":"https:\/\/www.modl.de\/wp-content\/uploads\/2022\/01\/logo.svg","width":1,"height":1,"caption":"MODL GmbH"},"image":{"@id":"https:\/\/www.modl.de\/#\/schema\/logo\/image\/"}}]}},"_links":{"self":[{"href":"https:\/\/www.modl.de\/en\/wp-json\/wp\/v2\/pages\/6616"}],"collection":[{"href":"https:\/\/www.modl.de\/en\/wp-json\/wp\/v2\/pages"}],"about":[{"href":"https:\/\/www.modl.de\/en\/wp-json\/wp\/v2\/types\/page"}],"author":[{"embeddable":true,"href":"https:\/\/www.modl.de\/en\/wp-json\/wp\/v2\/users\/3"}],"replies":[{"embeddable":true,"href":"https:\/\/www.modl.de\/en\/wp-json\/wp\/v2\/comments?post=6616"}],"version-history":[{"count":2,"href":"https:\/\/www.modl.de\/en\/wp-json\/wp\/v2\/pages\/6616\/revisions"}],"predecessor-version":[{"id":6618,"href":"https:\/\/www.modl.de\/en\/wp-json\/wp\/v2\/pages\/6616\/revisions\/6618"}],"wp:attachment":[{"href":"https:\/\/www.modl.de\/en\/wp-json\/wp\/v2\/media?parent=6616"}],"curies":[{"name":"wp","href":"https:\/\/api.w.org\/{rel}","templated":true}]}}